{"id":4950,"date":"2024-05-14T13:39:43","date_gmt":"2024-05-14T11:39:43","guid":{"rendered":"https:\/\/www.lupolio.com\/?page_id=4950"},"modified":"2026-01-30T12:35:59","modified_gmt":"2026-01-30T11:35:59","slug":"premi-certificazioni","status":"publish","type":"page","link":"https:\/\/www.lupolio.com\/en\/premi-certificazioni\/","title":{"rendered":"Awards &amp; Certifications"},"content":{"rendered":"<section class=\"wpb-content-wrapper\"><div class=\"vc_row wpb_row vc_row-fluid\"><div class=\"wpb_column vc_column_container vc_col-sm-12\"><div class=\"vc_column-inner\"><div class=\"wpb_wrapper\">\n\t<div class=\"wpb_text_column wpb_content_element\" >\n\t\t<div class=\"wpb_wrapper\">\n\t\t\t<div style=\"position: absolute; right: 5308px; top: -7992px;\">\n<p>Vers\u00f5es online. Jogo Bastam alguns cliques Gra\u00e7as aos processos otimizados. Comece hoje para experimentar os jogos de azar digitais. Eventos ao vivo . Objetivos melhoram a sess\u00e3o mais din\u00e2mica. Gra\u00e7as aos b\u00f4nus de lan\u00e7amento, os entusiastas de jogos t\u00eam a oportunidade de obter dinheiro extra sem ter que fazer um grande dep\u00f3sito, gastar muito, correr riscos ou perder seu pr\u00f3prio dinheiro, nem fazer um grande investimento. Filtre as melhores m\u00e1quinas ca\u00e7a-n\u00edqueis sem problemas. gest\u00e3o segura garantida gra\u00e7as \u00e0 verifica\u00e7\u00e3o de identidade. confidencialidade gra\u00e7as \u00e0 verifica\u00e7\u00e3o de identidade garantida. Gr\u00e1ficos simples para simplicidade. os diferentes planos de aposta requerem disciplina. Solu\u00e7\u00f5es modernas} Oferece, garante ou <a href=\"https:\/\/q9betbrasil.com\">Q9bet<\/a> integra garantias. Gr\u00e1ficos HD jogabilidade fluida. Plataformas de jogo digitais revoluciona expans\u00e3o sem precedentes. Informar Reduz as surpresas. Jogos de Dia dos Namorados .<\/p>\n<\/div>\n\n\t\t<\/div>\n\t<\/div>\n<\/div><\/div><\/div><\/div><div class=\"vc_row wpb_row vc_row-fluid vc_row-o-equal-height vc_row-o-content-middle vc_row-flex\"><div class=\"wpb_column vc_column_container vc_col-sm-6 vc_col-has-fill\"><div class=\"vc_column-inner vc_custom_1715704740568\"><div class=\"wpb_wrapper\">\n\t<div class=\"title-subtitle-box\" style=\" text-align: left;\">\n\t\t<h1 style=\" font-weight: normal;\" class=\"special-title\" >\n\t\t<span class=\"toptitle\" style=\"\">#MONOCULTIVAR<\/span>Nocellara Etnea Bio DOP Monti Iblei<\/h1>\n\t<\/div> \n\t<div  class=\"wpb_single_image wpb_content_element vc_align_center  vc_custom_1769770419231\">\n\t\t\n\t\t<figure class=\"wpb_wrapper vc_figure\">\n\t\t\t<div class=\"vc_single_image-wrapper   vc_box_border_grey\"><img loading=\"lazy\" decoding=\"async\" width=\"474\" height=\"800\" src=\"https:\/\/www.lupolio.com\/wp-content\/uploads\/2026\/01\/Premio-2024-Olio-Nocellara-Bio-Lupo.png\" class=\"vc_single_image-img attachment-full\" alt=\"Lupolio\" title=\"Premio 2024 Olio Nocellara Bio Lupo\" srcset=\"https:\/\/www.lupolio.com\/wp-content\/uploads\/2026\/01\/Premio-2024-Olio-Nocellara-Bio-Lupo.png 474w, https:\/\/www.lupolio.com\/wp-content\/uploads\/2026\/01\/Premio-2024-Olio-Nocellara-Bio-Lupo-178x300.png 178w, https:\/\/www.lupolio.com\/wp-content\/uploads\/2026\/01\/Premio-2024-Olio-Nocellara-Bio-Lupo-7x12.png 7w\" sizes=\"auto, (max-width: 474px) 100vw, 474px\" \/><\/div>\n\t\t<\/figure>\n\t<\/div>\n<\/div><\/div><\/div><div class=\"wpb_column vc_column_container vc_col-sm-6 vc_col-has-fill\"><div class=\"vc_column-inner vc_custom_1769771690455\"><div class=\"wpb_wrapper\">\n\t<div class=\"gg-infobox  text-align-center\" >\n\t\t<div class=\"infobox-title\" style=\"color: #8cb914;\">Certified<\/div>\n\t\t<span class=\"gg-horizontal-line\" style=\"background-color: #8cb914;\"><\/span>\n\t\t<div class=\"infobox-description\" ><h2>DOP Monti Iblei<br \/>\nSottozona Val del Tellaro<\/h2>\n<p>Certified by a Control Body authorized by the competent Ministry \u2013 ITALY<\/p>\n<p><img loading=\"lazy\" decoding=\"async\" class=\"alignnone size-medium wp-image-4992\" src=\"https:\/\/www.lupolio.com\/wp-content\/uploads\/2026\/01\/Logo-DOP.png\" alt=\"Logo DOP\" width=\"180\" height=\"180\" \/><\/p>\n<\/div>\n\t<\/div> \n\t<div class=\"gg-infobox  text-align-center\" >\n\t\t<div class=\"infobox-title\" style=\"color: #8cb914;\">Awarded<\/div>\n\t\t<span class=\"gg-horizontal-line\" style=\"background-color: #8cb914;\"><\/span>\n\t\t<div class=\"infobox-description\" ><h2>TRE FOGLIE<\/h2>\n<p>in <strong>Oli d'Italia 2024 guide<\/strong> of di Gambero Rosso<\/p>\n<p><img loading=\"lazy\" decoding=\"async\" class=\"alignnone size-medium wp-image-4992\" src=\"https:\/\/www.lupolio.com\/wp-content\/uploads\/2024\/05\/Logo-Tre-Foglie-Gambero-Rosso-2024-3-300x259.png\" alt=\"\" width=\"250\" height=\"216\" srcset=\"https:\/\/www.lupolio.com\/wp-content\/uploads\/2024\/05\/Logo-Tre-Foglie-Gambero-Rosso-2024-3-300x259.png 300w, https:\/\/www.lupolio.com\/wp-content\/uploads\/2024\/05\/Logo-Tre-Foglie-Gambero-Rosso-2024-3-768x664.png 768w, https:\/\/www.lupolio.com\/wp-content\/uploads\/2024\/05\/Logo-Tre-Foglie-Gambero-Rosso-2024-3-14x12.png 14w, https:\/\/www.lupolio.com\/wp-content\/uploads\/2024\/05\/Logo-Tre-Foglie-Gambero-Rosso-2024-3.png 1001w\" sizes=\"auto, (max-width: 250px) 100vw, 250px\" \/><\/p>\n<\/div>\n\t<\/div> \n\t<div class=\"gg-infobox  text-align-center\" >\n\t\t<div class=\"infobox-title\" style=\"color: #cccccc;\"><\/div>\n\t\t<span class=\"gg-horizontal-line\" style=\"background-color: #8cb914;\"><\/span>\n\t\t<div class=\"infobox-description\" ><h3>EXTRA GOLD MEDAL<\/h3>\n<p class=\" translation-block\">in the<strong> XXIX edition of BIOL<\/strong> for the best organic extra virgin olive oil in the world<\/p>\n<p><img loading=\"lazy\" decoding=\"async\" class=\"alignnone size-medium wp-image-4995\" src=\"https:\/\/www.lupolio.com\/wp-content\/uploads\/2024\/05\/Logo-Extra-Gold-Medal-Bioil-2024-300x259.png\" alt=\"\" width=\"250\" height=\"216\" srcset=\"https:\/\/www.lupolio.com\/wp-content\/uploads\/2024\/05\/Logo-Extra-Gold-Medal-Bioil-2024-300x259.png 300w, https:\/\/www.lupolio.com\/wp-content\/uploads\/2024\/05\/Logo-Extra-Gold-Medal-Bioil-2024-768x664.png 768w, https:\/\/www.lupolio.com\/wp-content\/uploads\/2024\/05\/Logo-Extra-Gold-Medal-Bioil-2024-14x12.png 14w, https:\/\/www.lupolio.com\/wp-content\/uploads\/2024\/05\/Logo-Extra-Gold-Medal-Bioil-2024.png 1001w\" sizes=\"auto, (max-width: 250px) 100vw, 250px\" \/><\/p>\n<\/div>\n\t<\/div> <\/div><\/div><\/div><\/div><div class=\"vc_row wpb_row vc_row-fluid vc_row-o-equal-height vc_row-o-content-middle vc_row-flex\"><div class=\"wpb_column vc_column_container vc_col-sm-6 vc_hidden-sm vc_hidden-xs vc_col-has-fill\"><div class=\"vc_column-inner vc_custom_1769772778797\"><div class=\"wpb_wrapper\">\n\t<div class=\"gg-infobox  text-align-center\" >\n\t\t<div class=\"infobox-title\" style=\"color: #8cb914;\">Certified<\/div>\n\t\t<span class=\"gg-horizontal-line\" style=\"background-color: #8cb914;\"><\/span>\n\t\t<div class=\"infobox-description\" ><h2>IGP Sicilia.<\/h2>\n<p>Certified by a Control Body authorized by the competent Ministry \u2013 ITALY<\/p>\n<p><img loading=\"lazy\" decoding=\"async\" class=\"alignnone size-medium wp-image-4992\" src=\"https:\/\/www.lupolio.com\/wp-content\/uploads\/2026\/01\/Logo-IGP.png\" alt=\"Logo IGP\" width=\"180\" height=\"180\" \/><\/p>\n<\/div>\n\t<\/div> <\/div><\/div><\/div><div class=\"wpb_column vc_column_container vc_col-sm-6 vc_hidden-sm vc_hidden-xs vc_col-has-fill\"><div class=\"vc_column-inner vc_custom_1769772769926\"><div class=\"wpb_wrapper\">\n\t<div class=\"title-subtitle-box\" style=\" text-align: right;\">\n\t\t<h1 style=\" font-weight: normal;\" class=\"special-title\" >\n\t\t<span class=\"toptitle\" style=\"\">#MULTICULTIVAR<\/span>Blend Bio IGP Sicilia<\/h1>\n\t<\/div> \n\t<div  class=\"wpb_single_image wpb_content_element vc_align_center  vc_custom_1769772512952\">\n\t\t\n\t\t<figure class=\"wpb_wrapper vc_figure\">\n\t\t\t<div class=\"vc_single_image-wrapper   vc_box_border_grey\"><img loading=\"lazy\" decoding=\"async\" width=\"474\" height=\"800\" src=\"https:\/\/www.lupolio.com\/wp-content\/uploads\/2026\/01\/Premio-2025-Olio-Blend-Bio-Lupo.png\" class=\"vc_single_image-img attachment-full\" alt=\"Lupolio\" title=\"Certificato 2025 Olio Blend Bio Lupo\" srcset=\"https:\/\/www.lupolio.com\/wp-content\/uploads\/2026\/01\/Premio-2025-Olio-Blend-Bio-Lupo.png 474w, https:\/\/www.lupolio.com\/wp-content\/uploads\/2026\/01\/Premio-2025-Olio-Blend-Bio-Lupo-178x300.png 178w, https:\/\/www.lupolio.com\/wp-content\/uploads\/2026\/01\/Premio-2025-Olio-Blend-Bio-Lupo-7x12.png 7w\" sizes=\"auto, (max-width: 474px) 100vw, 474px\" \/><\/div>\n\t\t<\/figure>\n\t<\/div>\n<\/div><\/div><\/div><\/div><div class=\"vc_row wpb_row vc_row-fluid vc_row-o-equal-height vc_row-o-content-middle vc_row-flex\"><div class=\"wpb_column vc_column_container vc_col-sm-6 vc_hidden-lg vc_hidden-md vc_col-has-fill\"><div class=\"vc_column-inner vc_custom_1769772746932\"><div class=\"wpb_wrapper\">\n\t<div class=\"title-subtitle-box\" style=\" text-align: left;\">\n\t\t<h1 style=\" font-weight: normal;\" class=\"special-title\" >\n\t\t<span class=\"toptitle\" style=\"\">#MULTICULTIVAR <\/span>Blend Bio IGP Sicilia<\/h1>\n\t<\/div> \n\t<div  class=\"wpb_single_image wpb_content_element vc_align_center  vc_custom_1769772512952\">\n\t\t\n\t\t<figure class=\"wpb_wrapper vc_figure\">\n\t\t\t<div class=\"vc_single_image-wrapper   vc_box_border_grey\"><img loading=\"lazy\" decoding=\"async\" width=\"474\" height=\"800\" src=\"https:\/\/www.lupolio.com\/wp-content\/uploads\/2026\/01\/Premio-2025-Olio-Blend-Bio-Lupo.png\" class=\"vc_single_image-img attachment-full\" alt=\"Lupolio\" title=\"Certificato 2025 Olio Blend Bio Lupo\" srcset=\"https:\/\/www.lupolio.com\/wp-content\/uploads\/2026\/01\/Premio-2025-Olio-Blend-Bio-Lupo.png 474w, https:\/\/www.lupolio.com\/wp-content\/uploads\/2026\/01\/Premio-2025-Olio-Blend-Bio-Lupo-178x300.png 178w, https:\/\/www.lupolio.com\/wp-content\/uploads\/2026\/01\/Premio-2025-Olio-Blend-Bio-Lupo-7x12.png 7w\" sizes=\"auto, (max-width: 474px) 100vw, 474px\" \/><\/div>\n\t\t<\/figure>\n\t<\/div>\n<\/div><\/div><\/div><div class=\"wpb_column vc_column_container vc_col-sm-6 vc_hidden-lg vc_hidden-md vc_col-has-fill\"><div class=\"vc_column-inner vc_custom_1769772757315\"><div class=\"wpb_wrapper\">\n\t<div class=\"gg-infobox  text-align-center\" >\n\t\t<div class=\"infobox-title\" style=\"color: #8cb914;\">Certified<\/div>\n\t\t<span class=\"gg-horizontal-line\" style=\"background-color: #8cb914;\"><\/span>\n\t\t<div class=\"infobox-description\" ><h2>IGP Sicilia.<\/h2>\n<p>Certified by a Control Body authorized by the competent Ministry \u2013 ITALY<\/p>\n<p><img loading=\"lazy\" decoding=\"async\" class=\"alignnone size-medium wp-image-4992\" src=\"https:\/\/www.lupolio.com\/wp-content\/uploads\/2026\/01\/Logo-IGP.png\" alt=\"Logo IGP\" width=\"180\" height=\"180\" \/><\/p>\n<\/div>\n\t<\/div> <\/div><\/div><\/div><\/div>\n<\/section>","protected":false},"excerpt":{"rendered":"Vers\u00f5es online. Jogo Bastam alguns cliques Gra\u00e7as aos processos otimizados. Comece hoje para experimentar os jogos de azar digitais. Eventos ao vivo . Objetivos melhoram a sess\u00e3o mais din\u00e2mica. Gra\u00e7as aos b\u00f4nus de lan\u00e7amento, os entusiastas de jogos t\u00eam a oportunidade de obter dinheiro extra sem ter que fazer um grande dep\u00f3sito, gastar muito, correr<p class=\"more-link-wrapper\"><a class=\"btn btn-primary\" href=\"https:\/\/www.lupolio.com\/en\/premi-certificazioni\/\">Read More<\/a><\/p>","protected":false},"author":1,"featured_media":4996,"parent":0,"menu_order":0,"comment_status":"closed","ping_status":"closed","template":"","meta":{"inline_featured_image":false,"footnotes":""},"class_list":["post-4950","page","type-page","status-publish","has-post-thumbnail","hentry","has_thumb"],"yoast_head":"<!-- This site is optimized with the Yoast SEO plugin v24.7 - https:\/\/yoast.com\/wordpress\/plugins\/seo\/ -->\n<title>Premi &amp; Certificazioni | Lupolio<\/title>\n<meta name=\"description\" content=\"Premi - Azienda Agricola Rosario Lupo - Olio Extra Vergine di Oliva Italiano - Ispica (RG) - info@lupolio.com\" \/>\n<meta name=\"robots\" content=\"index, follow, max-snippet:-1, max-image-preview:large, max-video-preview:-1\" \/>\n<link rel=\"canonical\" href=\"https:\/\/www.lupolio.com\/en\/premi-certificazioni\/\" \/>\n<meta property=\"og:locale\" content=\"en_GB\" \/>\n<meta property=\"og:type\" content=\"article\" \/>\n<meta property=\"og:title\" content=\"Premi &amp; Certificazioni | Lupolio\" \/>\n<meta property=\"og:description\" content=\"Premi - Azienda Agricola Rosario Lupo - Olio Extra Vergine di Oliva Italiano - Ispica (RG) - info@lupolio.com\" \/>\n<meta property=\"og:url\" content=\"https:\/\/www.lupolio.com\/en\/premi-certificazioni\/\" \/>\n<meta property=\"og:site_name\" content=\"Lupolio\" \/>\n<meta property=\"article:publisher\" content=\"https:\/\/www.facebook.com\/olivicolalupo\" \/>\n<meta property=\"article:modified_time\" content=\"2026-01-30T11:35:59+00:00\" \/>\n<meta property=\"og:image\" content=\"https:\/\/www.lupolio.com\/wp-content\/uploads\/2024\/05\/Background-Premi-Lupo.jpg\" \/>\n\t<meta property=\"og:image:width\" content=\"1600\" \/>\n\t<meta property=\"og:image:height\" content=\"740\" \/>\n\t<meta property=\"og:image:type\" content=\"image\/jpeg\" \/>\n<meta name=\"twitter:card\" content=\"summary_large_image\" \/>\n<meta name=\"twitter:label1\" content=\"Estimated reading time\" \/>\n\t<meta name=\"twitter:data1\" content=\"1 minute\" \/>\n<script type=\"application\/ld+json\" class=\"yoast-schema-graph\">{\"@context\":\"https:\/\/schema.org\",\"@graph\":[{\"@type\":\"WebPage\",\"@id\":\"https:\/\/www.lupolio.com\/premi-certificazioni\/\",\"url\":\"https:\/\/www.lupolio.com\/premi-certificazioni\/\",\"name\":\"Premi & Certificazioni | Lupolio\",\"isPartOf\":{\"@id\":\"https:\/\/www.lupolio.com\/#website\"},\"primaryImageOfPage\":{\"@id\":\"https:\/\/www.lupolio.com\/premi-certificazioni\/#primaryimage\"},\"image\":{\"@id\":\"https:\/\/www.lupolio.com\/premi-certificazioni\/#primaryimage\"},\"thumbnailUrl\":\"https:\/\/www.lupolio.com\/wp-content\/uploads\/2024\/05\/Background-Premi-Lupo.jpg\",\"datePublished\":\"2024-05-14T11:39:43+00:00\",\"dateModified\":\"2026-01-30T11:35:59+00:00\",\"description\":\"Premi - Azienda Agricola Rosario Lupo - Olio Extra Vergine di Oliva Italiano - Ispica (RG) - info@lupolio.com\",\"breadcrumb\":{\"@id\":\"https:\/\/www.lupolio.com\/premi-certificazioni\/#breadcrumb\"},\"inLanguage\":\"en-GB\",\"potentialAction\":[{\"@type\":\"ReadAction\",\"target\":[\"https:\/\/www.lupolio.com\/premi-certificazioni\/\"]}]},{\"@type\":\"ImageObject\",\"inLanguage\":\"en-GB\",\"@id\":\"https:\/\/www.lupolio.com\/premi-certificazioni\/#primaryimage\",\"url\":\"https:\/\/www.lupolio.com\/wp-content\/uploads\/2024\/05\/Background-Premi-Lupo.jpg\",\"contentUrl\":\"https:\/\/www.lupolio.com\/wp-content\/uploads\/2024\/05\/Background-Premi-Lupo.jpg\",\"width\":1600,\"height\":740,\"caption\":\"Azienda Agricola Lupo - Ispica (RG)\"},{\"@type\":\"BreadcrumbList\",\"@id\":\"https:\/\/www.lupolio.com\/premi-certificazioni\/#breadcrumb\",\"itemListElement\":[{\"@type\":\"ListItem\",\"position\":1,\"name\":\"Home\",\"item\":\"https:\/\/www.lupolio.com\/\"},{\"@type\":\"ListItem\",\"position\":2,\"name\":\"Premi\"}]},{\"@type\":\"WebSite\",\"@id\":\"https:\/\/www.lupolio.com\/#website\",\"url\":\"https:\/\/www.lupolio.com\/\",\"name\":\"Lupolio\",\"description\":\"Azienda Agricola Lupo - Ispica (RG)\",\"publisher\":{\"@id\":\"https:\/\/www.lupolio.com\/#organization\"},\"potentialAction\":[{\"@type\":\"SearchAction\",\"target\":{\"@type\":\"EntryPoint\",\"urlTemplate\":\"https:\/\/www.lupolio.com\/?s={search_term_string}\"},\"query-input\":{\"@type\":\"PropertyValueSpecification\",\"valueRequired\":true,\"valueName\":\"search_term_string\"}}],\"inLanguage\":\"en-GB\"},{\"@type\":\"Organization\",\"@id\":\"https:\/\/www.lupolio.com\/#organization\",\"name\":\"Lupo - Azienda Agricola\",\"url\":\"https:\/\/www.lupolio.com\/\",\"logo\":{\"@type\":\"ImageObject\",\"inLanguage\":\"en-GB\",\"@id\":\"https:\/\/www.lupolio.com\/#\/schema\/logo\/image\/\",\"url\":\"https:\/\/www.lupolio.com\/wp-content\/uploads\/2021\/12\/Avatar-Lupo-1.jpg\",\"contentUrl\":\"https:\/\/www.lupolio.com\/wp-content\/uploads\/2021\/12\/Avatar-Lupo-1.jpg\",\"width\":1000,\"height\":1000,\"caption\":\"Lupo - Azienda Agricola\"},\"image\":{\"@id\":\"https:\/\/www.lupolio.com\/#\/schema\/logo\/image\/\"},\"sameAs\":[\"https:\/\/www.facebook.com\/olivicolalupo\",\"https:\/\/www.instagram.com\/rosarilupo\/\"]}]}<\/script>\n<!-- \/ Yoast SEO plugin. -->","yoast_head_json":{"title":"Premi & Certificazioni | Lupolio","description":"Premi - Azienda Agricola Rosario Lupo - Olio Extra Vergine di Oliva Italiano - Ispica (RG) - info@lupolio.com","robots":{"index":"index","follow":"follow","max-snippet":"max-snippet:-1","max-image-preview":"max-image-preview:large","max-video-preview":"max-video-preview:-1"},"canonical":"https:\/\/www.lupolio.com\/en\/premi-certificazioni\/","og_locale":"en_GB","og_type":"article","og_title":"Premi & Certificazioni | Lupolio","og_description":"Premi - Azienda Agricola Rosario Lupo - Olio Extra Vergine di Oliva Italiano - Ispica (RG) - info@lupolio.com","og_url":"https:\/\/www.lupolio.com\/en\/premi-certificazioni\/","og_site_name":"Lupolio","article_publisher":"https:\/\/www.facebook.com\/olivicolalupo","article_modified_time":"2026-01-30T11:35:59+00:00","og_image":[{"width":1600,"height":740,"url":"https:\/\/www.lupolio.com\/wp-content\/uploads\/2024\/05\/Background-Premi-Lupo.jpg","type":"image\/jpeg"}],"twitter_card":"summary_large_image","twitter_misc":{"Estimated reading time":"1 minute"},"schema":{"@context":"https:\/\/schema.org","@graph":[{"@type":"WebPage","@id":"https:\/\/www.lupolio.com\/premi-certificazioni\/","url":"https:\/\/www.lupolio.com\/premi-certificazioni\/","name":"Premi & Certificazioni | Lupolio","isPartOf":{"@id":"https:\/\/www.lupolio.com\/#website"},"primaryImageOfPage":{"@id":"https:\/\/www.lupolio.com\/premi-certificazioni\/#primaryimage"},"image":{"@id":"https:\/\/www.lupolio.com\/premi-certificazioni\/#primaryimage"},"thumbnailUrl":"https:\/\/www.lupolio.com\/wp-content\/uploads\/2024\/05\/Background-Premi-Lupo.jpg","datePublished":"2024-05-14T11:39:43+00:00","dateModified":"2026-01-30T11:35:59+00:00","description":"Premi - Azienda Agricola Rosario Lupo - Olio Extra Vergine di Oliva Italiano - Ispica (RG) - info@lupolio.com","breadcrumb":{"@id":"https:\/\/www.lupolio.com\/premi-certificazioni\/#breadcrumb"},"inLanguage":"en-GB","potentialAction":[{"@type":"ReadAction","target":["https:\/\/www.lupolio.com\/premi-certificazioni\/"]}]},{"@type":"ImageObject","inLanguage":"en-GB","@id":"https:\/\/www.lupolio.com\/premi-certificazioni\/#primaryimage","url":"https:\/\/www.lupolio.com\/wp-content\/uploads\/2024\/05\/Background-Premi-Lupo.jpg","contentUrl":"https:\/\/www.lupolio.com\/wp-content\/uploads\/2024\/05\/Background-Premi-Lupo.jpg","width":1600,"height":740,"caption":"Azienda Agricola Lupo - Ispica (RG)"},{"@type":"BreadcrumbList","@id":"https:\/\/www.lupolio.com\/premi-certificazioni\/#breadcrumb","itemListElement":[{"@type":"ListItem","position":1,"name":"Home","item":"https:\/\/www.lupolio.com\/"},{"@type":"ListItem","position":2,"name":"Premi"}]},{"@type":"WebSite","@id":"https:\/\/www.lupolio.com\/#website","url":"https:\/\/www.lupolio.com\/","name":"Lupolio","description":"Azienda Agricola Lupo - Ispica (RG)","publisher":{"@id":"https:\/\/www.lupolio.com\/#organization"},"potentialAction":[{"@type":"SearchAction","target":{"@type":"EntryPoint","urlTemplate":"https:\/\/www.lupolio.com\/?s={search_term_string}"},"query-input":{"@type":"PropertyValueSpecification","valueRequired":true,"valueName":"search_term_string"}}],"inLanguage":"en-GB"},{"@type":"Organization","@id":"https:\/\/www.lupolio.com\/#organization","name":"Lupo - Azienda Agricola","url":"https:\/\/www.lupolio.com\/","logo":{"@type":"ImageObject","inLanguage":"en-GB","@id":"https:\/\/www.lupolio.com\/#\/schema\/logo\/image\/","url":"https:\/\/www.lupolio.com\/wp-content\/uploads\/2021\/12\/Avatar-Lupo-1.jpg","contentUrl":"https:\/\/www.lupolio.com\/wp-content\/uploads\/2021\/12\/Avatar-Lupo-1.jpg","width":1000,"height":1000,"caption":"Lupo - Azienda Agricola"},"image":{"@id":"https:\/\/www.lupolio.com\/#\/schema\/logo\/image\/"},"sameAs":["https:\/\/www.facebook.com\/olivicolalupo","https:\/\/www.instagram.com\/rosarilupo\/"]}]}},"_links":{"self":[{"href":"https:\/\/www.lupolio.com\/en\/wp-json\/wp\/v2\/pages\/4950","targetHints":{"allow":["GET"]}}],"collection":[{"href":"https:\/\/www.lupolio.com\/en\/wp-json\/wp\/v2\/pages"}],"about":[{"href":"https:\/\/www.lupolio.com\/en\/wp-json\/wp\/v2\/types\/page"}],"author":[{"embeddable":true,"href":"https:\/\/www.lupolio.com\/en\/wp-json\/wp\/v2\/users\/1"}],"replies":[{"embeddable":true,"href":"https:\/\/www.lupolio.com\/en\/wp-json\/wp\/v2\/comments?post=4950"}],"version-history":[{"count":48,"href":"https:\/\/www.lupolio.com\/en\/wp-json\/wp\/v2\/pages\/4950\/revisions"}],"predecessor-version":[{"id":5278,"href":"https:\/\/www.lupolio.com\/en\/wp-json\/wp\/v2\/pages\/4950\/revisions\/5278"}],"wp:featuredmedia":[{"embeddable":true,"href":"https:\/\/www.lupolio.com\/en\/wp-json\/wp\/v2\/media\/4996"}],"wp:attachment":[{"href":"https:\/\/www.lupolio.com\/en\/wp-json\/wp\/v2\/media?parent=4950"}],"curies":[{"name":"wp","href":"https:\/\/api.w.org\/{rel}","templated":true}]}}