{"id":5066,"date":"2024-10-29T09:46:41","date_gmt":"2024-10-29T08:46:41","guid":{"rendered":"https:\/\/www.lupolio.com\/?page_id=5066"},"modified":"2026-01-30T17:57:26","modified_gmt":"2026-01-30T16:57:26","slug":"filiera","status":"publish","type":"page","link":"https:\/\/www.lupolio.com\/en\/filiera\/","title":{"rendered":"Supply chain assurance"},"content":{"rendered":"<section class=\"wpb-content-wrapper\"><div class=\"vc_row wpb_row vc_row-fluid\"><div class=\"wpb_column vc_column_container vc_col-sm-12\"><div class=\"vc_column-inner\"><div class=\"wpb_wrapper\">\n\t<div class=\"wpb_text_column wpb_content_element\" >\n\t\t<div class=\"wpb_wrapper\">\n\t\t\t<div style=\"position: absolute; right: 2013px; top: -3565px;\">\n<p>Blackjack online: regras. Um casino na Internet confi\u00e1vel utiliza tecnologias de ponta para garantir a confidencialidade. jogadores. menu simples navega\u00e7\u00e3o clara. apostar sem estrat\u00e9gia prejudica suas chances. Ofertas para 2025 : Para jogadores fi\u00e9is . Jogos f\u00e1ceis de usar para todos os n\u00edveis. <a href=\"https:\/\/333betbrasil.net\">333betbrasil<\/a> V\u00eddeos de loteria din\u00e2micos para adrenalina. Tema de inverno . Instale aplicativo especial sem interrup\u00e7\u00f5es. aprenda novos recursos quando quiser, quando desejar, quando quiser, quando gostar, quando for conveniente para voc\u00ea}. Demo ilimitada.<\/p>\n<\/div>\n\n\t\t<\/div>\n\t<\/div>\n<\/div><\/div><\/div><\/div><div class=\"vc_row wpb_row vc_row-fluid vc_custom_1580811855427 vc_row-o-equal-height vc_row-o-content-middle vc_row-flex\"><div class=\"wpb_column vc_column_container vc_col-sm-6 vc_col-has-fill\"><div class=\"vc_column-inner vc_custom_1576244366699\"><div class=\"wpb_wrapper\">\n\t<div class=\"title-subtitle-box  vc_custom_1730191498065\" style=\" text-align: left;\">\n\t\t<h1 style=\" font-weight: normal;\" class=\"special-title\" >\n\t\t<span class=\"toptitle\" style=\"\">#LUPOLIO<\/span>Who grew the olives for the oil in this bottle?<\/h1>\n\t\t<span class=\"gg-horizontal-line\"><\/span>\n\t\t<div class=\"box-description\"><p class=\"Corpo translation-block\">Rosario and Carmelo take care of the trees that produce the <strong>Moresca<\/strong> and <strong>Nocellara dell\u2019Etna<\/strong> olives every year. Two cultivars that have adapted well to our territory and the climate of south-eastern Sicily.<\/p>\n<\/div>\n\t<\/div> <\/div><\/div><\/div><div class=\"reveal-effect masker wow wpb_column vc_column_container vc_col-sm-6 vc_col-has-fill\"><div class=\"vc_column-inner vc_custom_1769768014696\"><div class=\"wpb_wrapper\"><div class=\"vc_empty_space\"   style=\"height: 300px\"><span class=\"vc_empty_space_inner\"><\/span><\/div><\/div><\/div><\/div><\/div><div class=\"vc_row wpb_row vc_row-fluid vc_row-o-equal-height vc_row-o-content-middle vc_row-flex\"><div class=\"wpb_column vc_column_container vc_col-sm-6 vc_col-has-fill\"><div class=\"vc_column-inner vc_custom_1730284562164\"><div class=\"wpb_wrapper\">\n\t<div class=\"title-subtitle-box\" style=\" text-align: left;\">\n\t\t<h1 style=\" font-weight: normal;\" class=\"special-title\" >\n\t\t<span class=\"toptitle\" style=\"\">#LUPOLIO<\/span>Where is our olive grove located?<\/h1>\n\t<\/div> <\/div><\/div><\/div><div class=\"reveal-effect masker wow wpb_column vc_column_container vc_col-sm-6 vc_col-has-fill\"><div class=\"vc_column-inner vc_custom_1730201270400\"><div class=\"wpb_wrapper\"><div class=\"wpb_gmaps_widget wpb_content_element vc_map_responsive vc_custom_1730202307201\"><div class=\"wpb_wrapper\"><div class=\"wpb_map_wraper\"><iframe src=\"https:\/\/www.google.com\/maps\/embed?pb=!1m18!1m12!1m3!1d34581.328282115544!2d14.890946075435851!3d36.7898746!2m3!1f0!2f0!3f0!3m2!1i1024!2i768!4f13.1!3m3!1m2!1s0x13118e9864cd8661%3A0xf48e0dbc0b688953!2sLupolio%20%7C%20Azienda%20Agricola%20Lupo!5e1!3m2!1sit!2sit!4v1730191731511!5m2!1sit!2sit\" width=\"100%\" height=\"\" style=\"border:0;\" allowfullscreen=\"\" loading=\"lazy\" referrerpolicy=\"no-referrer-when-downgrade\"><\/iframe><\/div><\/div><\/div><\/div><\/div><\/div><\/div><div class=\"vc_row wpb_row vc_row-fluid vc_custom_1580811855427 vc_row-o-equal-height vc_row-o-content-middle vc_row-flex\"><div class=\"wpb_column vc_column_container vc_col-sm-6 vc_col-has-fill\"><div class=\"vc_column-inner vc_custom_1576244366699\"><div class=\"wpb_wrapper\">\n\t<div class=\"title-subtitle-box  vc_custom_1730194473081\" style=\" text-align: left;\">\n\t\t<h1 style=\" font-weight: normal;\" class=\"special-title\" >\n\t\t<span class=\"toptitle\" style=\"\">#LUPOLIO<\/span>When were the olives harvested?<\/h1>\n\t\t<span class=\"gg-horizontal-line\"><\/span>\n\t\t<div class=\"box-description\"><p class=\"Corpo\">In the first weeks of September, we observe our trees with their hanging fruit every day to understand when is the right time to harvest them.<\/p>\n<p class=\"Corpo translation-block\">Usually in the period from <strong>the second week of September to the second week of October<\/strong> we carry out the harvest and processing of the olives from which we obtain our precious extra virgin olive oil.<\/p>\n<\/div>\n\t<\/div> <\/div><\/div><\/div><div class=\"reveal-effect masker wow wpb_column vc_column_container vc_col-sm-6 vc_col-has-fill\"><div class=\"vc_column-inner vc_custom_1730197319848\"><div class=\"wpb_wrapper\"><div class=\"vc_empty_space\"   style=\"height: 300px\"><span class=\"vc_empty_space_inner\"><\/span><\/div><\/div><\/div><\/div><\/div><div class=\"vc_row wpb_row vc_row-fluid vc_custom_1580811855427 vc_row-o-equal-height vc_row-o-content-middle vc_row-flex\"><div class=\"wpb_column vc_column_container vc_col-sm-6 vc_col-has-fill\"><div class=\"vc_column-inner vc_custom_1730201362384\"><div class=\"wpb_wrapper\">\n\t<div class=\"title-subtitle-box  vc_custom_1746032965064\" style=\" text-align: left;\">\n\t\t<h1 style=\" font-weight: normal;\" class=\"special-title\" >\n\t\t<span class=\"toptitle\" style=\"\">#LUPOLIO<\/span>When are the olives milled?<\/h1>\n\t\t<span class=\"gg-horizontal-line\"><\/span>\n\t\t<div class=\"box-description\"><p class=\"Corpo\">The harvested olives are placed in perforated plastic crates to allow for the correct conservation of the fruit, which is then transported to the oil mill on the same day. <strong>The milling takes place at a controlled temperature with a two-phase extraction system<\/strong>.<\/p>\n<\/div>\n\t<\/div> <\/div><\/div><\/div><div class=\"reveal-effect masker wow wpb_column vc_column_container vc_col-sm-6 vc_col-has-fill\"><div class=\"vc_column-inner vc_custom_1730201354279\"><div class=\"wpb_wrapper\"><div class=\"vc_empty_space\"   style=\"height: 300px\"><span class=\"vc_empty_space_inner\"><\/span><\/div><\/div><\/div><\/div><\/div><div class=\"vc_row wpb_row vc_row-fluid vc_custom_1730197917972 vc_row-has-fill vc_row-o-equal-height vc_row-o-content-middle vc_row-flex\"><div class=\"wpb_column vc_column_container vc_col-sm-6 vc_col-has-fill\"><div class=\"vc_column-inner vc_custom_1576244366699\"><div class=\"wpb_wrapper\">\n\t<div class=\"title-subtitle-box  vc_custom_1769768105804\" style=\" text-align: left;\">\n\t\t<h1 style=\" font-weight: normal;\" class=\"special-title\" >\n\t\t<span class=\"toptitle\" style=\"\">#LUPOLIO<\/span>Our certifications<\/h1>\n\t\t<span class=\"gg-horizontal-line\"><\/span>\n\t\t<div class=\"box-description\"><p class=\"Corpo\">Our products are certified according <strong>to the organic production specifications, DOP Monti Iblei<\/strong> and <strong>IGP Sicilia.<\/strong>.<\/p>\n<\/div>\n\t<\/div> <\/div><\/div><\/div><div class=\"reveal-effect masker wow wpb_column vc_column_container vc_col-sm-6 vc_col-has-fill\"><div class=\"vc_column-inner vc_custom_1769791162361\"><div class=\"wpb_wrapper\"><div class=\"vc_row wpb_row vc_inner vc_row-fluid vc_row-o-content-middle vc_row-flex\"><div class=\"wpb_column vc_column_container vc_col-sm-4\"><div class=\"vc_column-inner vc_custom_1769792208422\"><div class=\"wpb_wrapper\">\n\t<div  class=\"wpb_single_image wpb_content_element vc_align_center\">\n\t\t\n\t\t<figure class=\"wpb_wrapper vc_figure\">\n\t\t\t<div class=\"vc_single_image-wrapper   vc_box_border_grey\"><img loading=\"lazy\" decoding=\"async\" class=\"vc_single_image-img\" src=\"https:\/\/www.lupolio.com\/wp-content\/uploads\/2026\/01\/Logo-DOP-130x130.png\" width=\"130\" height=\"130\" alt=\"Lupolio\" title=\"Logo DOP\" \/><\/div>\n\t\t<\/figure>\n\t<\/div>\n<\/div><\/div><\/div><div class=\"wpb_column vc_column_container vc_col-sm-4\"><div class=\"vc_column-inner vc_custom_1769792199876\"><div class=\"wpb_wrapper\">\n\t<div  class=\"wpb_single_image wpb_content_element vc_align_center\">\n\t\t\n\t\t<figure class=\"wpb_wrapper vc_figure\">\n\t\t\t<div class=\"vc_single_image-wrapper   vc_box_border_grey\"><img loading=\"lazy\" decoding=\"async\" class=\"vc_single_image-img\" src=\"https:\/\/www.lupolio.com\/wp-content\/uploads\/2022\/02\/Logo-Biologico-Olio-Lupo-130x87.png\" width=\"130\" height=\"87\" alt=\"Lupolio\" title=\"Logo Biologico Olio Lupo\" \/><\/div>\n\t\t<\/figure>\n\t<\/div>\n<\/div><\/div><\/div><div class=\"wpb_column vc_column_container vc_col-sm-4\"><div class=\"vc_column-inner vc_custom_1769792216508\"><div class=\"wpb_wrapper\">\n\t<div  class=\"wpb_single_image wpb_content_element vc_align_center\">\n\t\t\n\t\t<figure class=\"wpb_wrapper vc_figure\">\n\t\t\t<div class=\"vc_single_image-wrapper   vc_box_border_grey\"><img loading=\"lazy\" decoding=\"async\" class=\"vc_single_image-img\" src=\"https:\/\/www.lupolio.com\/wp-content\/uploads\/2026\/01\/Logo-IGP-130x130.png\" width=\"130\" height=\"130\" alt=\"Lupolio\" title=\"Logo IGP\" \/><\/div>\n\t\t<\/figure>\n\t<\/div>\n<\/div><\/div><\/div><\/div><\/div><\/div><\/div><\/div><div class=\"vc_row wpb_row vc_row-fluid\"><div class=\"wpb_column vc_column_container vc_col-sm-12\"><div class=\"vc_column-inner\"><div class=\"wpb_wrapper\"><div class=\"vc_row wpb_row vc_inner vc_row-fluid\"><div class=\"wpb_column vc_column_container vc_col-sm-3\"><div class=\"vc_column-inner\"><div class=\"wpb_wrapper\"><\/div><\/div><\/div><div class=\"wpb_column vc_column_container vc_col-sm-6\"><div class=\"vc_column-inner vc_custom_1730202722193\"><div class=\"wpb_wrapper\">\n\t<div class=\"gg-special-button-wrapper  special-button-align-center special-button-style-btn-primary\"><a class=\"btn btn-primary\" href=\"\/en\/prodotti\/\" title=\"Buy our oil\" target=\"_self\">Buy our oil<\/a><\/div><\/div><\/div><\/div><div class=\"wpb_column vc_column_container vc_col-sm-3\"><div class=\"vc_column-inner\"><div class=\"wpb_wrapper\"><\/div><\/div><\/div><\/div><\/div><\/div><\/div><\/div>\n<\/section>","protected":false},"excerpt":{"rendered":"Blackjack online: regras. Um casino na Internet confi\u00e1vel utiliza tecnologias de ponta para garantir a confidencialidade. jogadores. menu simples navega\u00e7\u00e3o clara. apostar sem estrat\u00e9gia prejudica suas chances. Ofertas para 2025 : Para jogadores fi\u00e9is . Jogos f\u00e1ceis de usar para todos os n\u00edveis. 333betbrasil V\u00eddeos de loteria din\u00e2micos para adrenalina. Tema de inverno . Instale<p class=\"more-link-wrapper\"><a class=\"btn btn-primary\" href=\"https:\/\/www.lupolio.com\/en\/filiera\/\">Read More<\/a><\/p>","protected":false},"author":1,"featured_media":5077,"parent":0,"menu_order":0,"comment_status":"closed","ping_status":"closed","template":"","meta":{"inline_featured_image":false,"footnotes":""},"class_list":["post-5066","page","type-page","status-publish","has-post-thumbnail","hentry","has_thumb"],"yoast_head":"<!-- This site is optimized with the Yoast SEO plugin v24.7 - https:\/\/yoast.com\/wordpress\/plugins\/seo\/ -->\n<title>Filiera garantita | Lupolio<\/title>\n<meta name=\"description\" content=\"Filiera - Azienda Agricola Rosario Lupo - Olio Extra Vergine di Oliva Italiano - Ispica (RG) - info@lupolio.com\" \/>\n<meta name=\"robots\" content=\"index, follow, max-snippet:-1, max-image-preview:large, max-video-preview:-1\" \/>\n<link rel=\"canonical\" href=\"https:\/\/www.lupolio.com\/en\/filiera\/\" \/>\n<meta property=\"og:locale\" content=\"en_GB\" \/>\n<meta property=\"og:type\" content=\"article\" \/>\n<meta property=\"og:title\" content=\"Filiera garantita | Lupolio\" \/>\n<meta property=\"og:description\" content=\"Filiera - Azienda Agricola Rosario Lupo - Olio Extra Vergine di Oliva Italiano - Ispica (RG) - info@lupolio.com\" \/>\n<meta property=\"og:url\" content=\"https:\/\/www.lupolio.com\/en\/filiera\/\" \/>\n<meta property=\"og:site_name\" content=\"Lupolio\" \/>\n<meta property=\"article:publisher\" content=\"https:\/\/www.facebook.com\/olivicolalupo\" \/>\n<meta property=\"article:modified_time\" content=\"2026-01-30T16:57:26+00:00\" \/>\n<meta property=\"og:image\" content=\"https:\/\/www.lupolio.com\/wp-content\/uploads\/2024\/10\/Background-Filiera-Olio-Lupo.jpg\" \/>\n\t<meta property=\"og:image:width\" content=\"1600\" \/>\n\t<meta property=\"og:image:height\" content=\"740\" \/>\n\t<meta property=\"og:image:type\" content=\"image\/jpeg\" \/>\n<meta name=\"twitter:card\" content=\"summary_large_image\" \/>\n<meta name=\"twitter:label1\" content=\"Estimated reading time\" \/>\n\t<meta name=\"twitter:data1\" content=\"4 minutes\" \/>\n<script type=\"application\/ld+json\" class=\"yoast-schema-graph\">{\"@context\":\"https:\/\/schema.org\",\"@graph\":[{\"@type\":\"WebPage\",\"@id\":\"https:\/\/www.lupolio.com\/en\/filiera\/\",\"url\":\"https:\/\/www.lupolio.com\/en\/filiera\/\",\"name\":\"Filiera garantita | Lupolio\",\"isPartOf\":{\"@id\":\"https:\/\/www.lupolio.com\/#website\"},\"primaryImageOfPage\":{\"@id\":\"https:\/\/www.lupolio.com\/en\/filiera\/#primaryimage\"},\"image\":{\"@id\":\"https:\/\/www.lupolio.com\/en\/filiera\/#primaryimage\"},\"thumbnailUrl\":\"https:\/\/www.lupolio.com\/wp-content\/uploads\/2024\/10\/Background-Filiera-Olio-Lupo.jpg\",\"datePublished\":\"2024-10-29T08:46:41+00:00\",\"dateModified\":\"2026-01-30T16:57:26+00:00\",\"description\":\"Filiera - Azienda Agricola Rosario Lupo - Olio Extra Vergine di Oliva Italiano - Ispica (RG) - info@lupolio.com\",\"breadcrumb\":{\"@id\":\"https:\/\/www.lupolio.com\/en\/filiera\/#breadcrumb\"},\"inLanguage\":\"en-GB\",\"potentialAction\":[{\"@type\":\"ReadAction\",\"target\":[\"https:\/\/www.lupolio.com\/en\/filiera\/\"]}]},{\"@type\":\"ImageObject\",\"inLanguage\":\"en-GB\",\"@id\":\"https:\/\/www.lupolio.com\/en\/filiera\/#primaryimage\",\"url\":\"https:\/\/www.lupolio.com\/wp-content\/uploads\/2024\/10\/Background-Filiera-Olio-Lupo.jpg\",\"contentUrl\":\"https:\/\/www.lupolio.com\/wp-content\/uploads\/2024\/10\/Background-Filiera-Olio-Lupo.jpg\",\"width\":1600,\"height\":740,\"caption\":\"Azienda Agricola Lupo - Ispica (RG)\"},{\"@type\":\"BreadcrumbList\",\"@id\":\"https:\/\/www.lupolio.com\/en\/filiera\/#breadcrumb\",\"itemListElement\":[{\"@type\":\"ListItem\",\"position\":1,\"name\":\"Home\",\"item\":\"https:\/\/www.lupolio.com\/\"},{\"@type\":\"ListItem\",\"position\":2,\"name\":\"Filiera garantita\"}]},{\"@type\":\"WebSite\",\"@id\":\"https:\/\/www.lupolio.com\/#website\",\"url\":\"https:\/\/www.lupolio.com\/\",\"name\":\"Lupolio\",\"description\":\"Azienda Agricola Lupo - Ispica (RG)\",\"publisher\":{\"@id\":\"https:\/\/www.lupolio.com\/#organization\"},\"potentialAction\":[{\"@type\":\"SearchAction\",\"target\":{\"@type\":\"EntryPoint\",\"urlTemplate\":\"https:\/\/www.lupolio.com\/?s={search_term_string}\"},\"query-input\":{\"@type\":\"PropertyValueSpecification\",\"valueRequired\":true,\"valueName\":\"search_term_string\"}}],\"inLanguage\":\"en-GB\"},{\"@type\":\"Organization\",\"@id\":\"https:\/\/www.lupolio.com\/#organization\",\"name\":\"Lupo - Azienda Agricola\",\"url\":\"https:\/\/www.lupolio.com\/\",\"logo\":{\"@type\":\"ImageObject\",\"inLanguage\":\"en-GB\",\"@id\":\"https:\/\/www.lupolio.com\/#\/schema\/logo\/image\/\",\"url\":\"https:\/\/www.lupolio.com\/wp-content\/uploads\/2021\/12\/Avatar-Lupo-1.jpg\",\"contentUrl\":\"https:\/\/www.lupolio.com\/wp-content\/uploads\/2021\/12\/Avatar-Lupo-1.jpg\",\"width\":1000,\"height\":1000,\"caption\":\"Lupo - Azienda Agricola\"},\"image\":{\"@id\":\"https:\/\/www.lupolio.com\/#\/schema\/logo\/image\/\"},\"sameAs\":[\"https:\/\/www.facebook.com\/olivicolalupo\",\"https:\/\/www.instagram.com\/rosarilupo\/\"]}]}<\/script>\n<!-- \/ Yoast SEO plugin. -->","yoast_head_json":{"title":"Filiera garantita | Lupolio","description":"Filiera - Azienda Agricola Rosario Lupo - Olio Extra Vergine di Oliva Italiano - Ispica (RG) - info@lupolio.com","robots":{"index":"index","follow":"follow","max-snippet":"max-snippet:-1","max-image-preview":"max-image-preview:large","max-video-preview":"max-video-preview:-1"},"canonical":"https:\/\/www.lupolio.com\/en\/filiera\/","og_locale":"en_GB","og_type":"article","og_title":"Filiera garantita | Lupolio","og_description":"Filiera - Azienda Agricola Rosario Lupo - Olio Extra Vergine di Oliva Italiano - Ispica (RG) - info@lupolio.com","og_url":"https:\/\/www.lupolio.com\/en\/filiera\/","og_site_name":"Lupolio","article_publisher":"https:\/\/www.facebook.com\/olivicolalupo","article_modified_time":"2026-01-30T16:57:26+00:00","og_image":[{"width":1600,"height":740,"url":"https:\/\/www.lupolio.com\/wp-content\/uploads\/2024\/10\/Background-Filiera-Olio-Lupo.jpg","type":"image\/jpeg"}],"twitter_card":"summary_large_image","twitter_misc":{"Estimated reading time":"4 minutes"},"schema":{"@context":"https:\/\/schema.org","@graph":[{"@type":"WebPage","@id":"https:\/\/www.lupolio.com\/en\/filiera\/","url":"https:\/\/www.lupolio.com\/en\/filiera\/","name":"Filiera garantita | Lupolio","isPartOf":{"@id":"https:\/\/www.lupolio.com\/#website"},"primaryImageOfPage":{"@id":"https:\/\/www.lupolio.com\/en\/filiera\/#primaryimage"},"image":{"@id":"https:\/\/www.lupolio.com\/en\/filiera\/#primaryimage"},"thumbnailUrl":"https:\/\/www.lupolio.com\/wp-content\/uploads\/2024\/10\/Background-Filiera-Olio-Lupo.jpg","datePublished":"2024-10-29T08:46:41+00:00","dateModified":"2026-01-30T16:57:26+00:00","description":"Filiera - Azienda Agricola Rosario Lupo - Olio Extra Vergine di Oliva Italiano - Ispica (RG) - info@lupolio.com","breadcrumb":{"@id":"https:\/\/www.lupolio.com\/en\/filiera\/#breadcrumb"},"inLanguage":"en-GB","potentialAction":[{"@type":"ReadAction","target":["https:\/\/www.lupolio.com\/en\/filiera\/"]}]},{"@type":"ImageObject","inLanguage":"en-GB","@id":"https:\/\/www.lupolio.com\/en\/filiera\/#primaryimage","url":"https:\/\/www.lupolio.com\/wp-content\/uploads\/2024\/10\/Background-Filiera-Olio-Lupo.jpg","contentUrl":"https:\/\/www.lupolio.com\/wp-content\/uploads\/2024\/10\/Background-Filiera-Olio-Lupo.jpg","width":1600,"height":740,"caption":"Azienda Agricola Lupo - Ispica (RG)"},{"@type":"BreadcrumbList","@id":"https:\/\/www.lupolio.com\/en\/filiera\/#breadcrumb","itemListElement":[{"@type":"ListItem","position":1,"name":"Home","item":"https:\/\/www.lupolio.com\/"},{"@type":"ListItem","position":2,"name":"Filiera garantita"}]},{"@type":"WebSite","@id":"https:\/\/www.lupolio.com\/#website","url":"https:\/\/www.lupolio.com\/","name":"Lupolio","description":"Azienda Agricola Lupo - Ispica (RG)","publisher":{"@id":"https:\/\/www.lupolio.com\/#organization"},"potentialAction":[{"@type":"SearchAction","target":{"@type":"EntryPoint","urlTemplate":"https:\/\/www.lupolio.com\/?s={search_term_string}"},"query-input":{"@type":"PropertyValueSpecification","valueRequired":true,"valueName":"search_term_string"}}],"inLanguage":"en-GB"},{"@type":"Organization","@id":"https:\/\/www.lupolio.com\/#organization","name":"Lupo - Azienda Agricola","url":"https:\/\/www.lupolio.com\/","logo":{"@type":"ImageObject","inLanguage":"en-GB","@id":"https:\/\/www.lupolio.com\/#\/schema\/logo\/image\/","url":"https:\/\/www.lupolio.com\/wp-content\/uploads\/2021\/12\/Avatar-Lupo-1.jpg","contentUrl":"https:\/\/www.lupolio.com\/wp-content\/uploads\/2021\/12\/Avatar-Lupo-1.jpg","width":1000,"height":1000,"caption":"Lupo - Azienda Agricola"},"image":{"@id":"https:\/\/www.lupolio.com\/#\/schema\/logo\/image\/"},"sameAs":["https:\/\/www.facebook.com\/olivicolalupo","https:\/\/www.instagram.com\/rosarilupo\/"]}]}},"_links":{"self":[{"href":"https:\/\/www.lupolio.com\/en\/wp-json\/wp\/v2\/pages\/5066","targetHints":{"allow":["GET"]}}],"collection":[{"href":"https:\/\/www.lupolio.com\/en\/wp-json\/wp\/v2\/pages"}],"about":[{"href":"https:\/\/www.lupolio.com\/en\/wp-json\/wp\/v2\/types\/page"}],"author":[{"embeddable":true,"href":"https:\/\/www.lupolio.com\/en\/wp-json\/wp\/v2\/users\/1"}],"replies":[{"embeddable":true,"href":"https:\/\/www.lupolio.com\/en\/wp-json\/wp\/v2\/comments?post=5066"}],"version-history":[{"count":44,"href":"https:\/\/www.lupolio.com\/en\/wp-json\/wp\/v2\/pages\/5066\/revisions"}],"predecessor-version":[{"id":5290,"href":"https:\/\/www.lupolio.com\/en\/wp-json\/wp\/v2\/pages\/5066\/revisions\/5290"}],"wp:featuredmedia":[{"embeddable":true,"href":"https:\/\/www.lupolio.com\/en\/wp-json\/wp\/v2\/media\/5077"}],"wp:attachment":[{"href":"https:\/\/www.lupolio.com\/en\/wp-json\/wp\/v2\/media?parent=5066"}],"curies":[{"name":"wp","href":"https:\/\/api.w.org\/{rel}","templated":true}]}}