{"id":3858,"date":"2021-12-27T18:14:41","date_gmt":"2021-12-27T17:14:41","guid":{"rendered":"https:\/\/www.lupolio.com\/?page_id=3858"},"modified":"2021-12-29T11:36:44","modified_gmt":"2021-12-29T10:36:44","slug":"condizioni-di-vendita","status":"publish","type":"page","link":"https:\/\/www.lupolio.com\/it\/condizioni-di-vendita\/","title":{"rendered":"Condizioni di vendita"},"content":{"rendered":"<h2 class=\"wp-block-heading\">Accettazione delle condizioni generali di vendita<\/h2><p>Le presenti Condizioni Generali di Vendita disciplinano la vendita degli articoli commercializzati dall&#8217;<strong>Azienda Agricola Rosario Lupo<\/strong>. nell\u2019ambito di un sistema di vendita a distanza mediante sito e-commerce. Tutti i contratti di acquisto dei prodotti, conclusi tramite il sito <strong>lupolio.com<\/strong>, seguendo le procedure ivi indicate (online), saranno regolati dalle presenti Condizioni Generali, le quali formano parte integrante e sostanziale degli stessi. Le eventuali modificazioni delle presenti Condizioni Generali di Vendita saranno efficaci al momento della loro pubblicazione sul sito e si applicheranno alle sole vendite concluse successivamente. La normativa di riferimento \u00e8 il D. Lgs. 6\/9\/2005 n.206 (Codice del Consumo) che prevede precisi doveri per il venditore e altrettanti precisi diritti per il cliente.<\/p><h3 class=\"wp-block-heading\">Ordini<\/h3><p>Tutti gli ordini sono soggetti all\u2019accettazione da parte dell&#8217;<strong>Azienda Agricola Rosario Lupo<\/strong>, \u00a0con sede amministrativa in Via Massimo D\u2019Azeglio, 66 &#8211; 97014 Ispica (RG) &#8211; Tel: +39 333 960 5294 &#8211; P.Iva: 01666820889. Gli ordini di acquisto conclusi attraverso il sito <strong>lupolio.com<\/strong> devono essere completati in ogni loro parte e devono contenere gli elementi necessari per l\u2019esatta individuazione dei prodotti ordinati e del luogo di consegna. La risposta a tale proposta di acquisto ordine da parte  dell&#8217;<strong>Azienda Agricola Rosario Lupo<\/strong>, trasmessa via e-mail all\u2019indirizzo indicato dal cliente costituisce solamente conferma dell\u2019avvenuta ricezione della proposta di acquisto. Il cliente potr\u00e0 acquistare i prodotti indicati nel catalogo elettronico predisposto, presente nel sito <strong>lupolio.com<\/strong> e nelle quantit\u00e0 esistenti in magazzino. Qualora un ordine dovesse superare la quantit\u00e0 esistente nel magazzino, si accetter\u00e0 l\u2019acquisto limitatamente ai prodotti disponibili. In questo caso il cliente sar\u00e0 informato e potr\u00e0 disporre la revoca dell\u2019ordine o l\u2019integrazione con un prodotto sostitutivo. Il cliente dovr\u00e0 notificare immediatamente a <strong>lupolio.com<\/strong> ogni errore od omissione di ogni tipo nelle condizioni di pagamento e nei prezzi, contenuti nel documento di accettazione dell\u2019ordine.<\/p><h3 class=\"wp-block-heading\">Prezzi<\/h3><p>Tutti i prezzi di vendita dei prodotti esposti ed indicati all&#8217;interno del sito <strong>lupolio.com<\/strong> costituiscono offerta al pubblico e sono I.V.A. inclusa. Il costo della spedizione \u00e8 variabile.<\/p><h3 class=\"wp-block-heading\">Fatturazione e pagamenti<\/h3><p>Tutti i prezzi esposti nel sito web si intendono IVA inclusa. Per ogni acquisto sar\u00e0 emessa una regolare fattura (o ricevuta fiscale) con aliquota IVA separata. Per poter fornire regolare fattura \u00e8 necessario indicare sul modulo d&#8217;ordine i dati personali o della ragione sociale a cui sar\u00e0 destinata (con partita IVA e codice fiscale). Il pagamento potr\u00e0 essere effettuato con:<\/p><ul class=\"wp-block-list\"><li><strong>Paypal<\/strong><\/li><li><strong>Carte di credito<\/strong><\/li><\/ul><h3 class=\"wp-block-heading\">Costo della spedizione e consegna<\/h3><p>L&#8217;<strong>Azienda Agricola Rosario Lupo<\/strong>, provveder\u00e0 a recapitare ai Clienti i prodotti selezionati ed ordinati, all\u2019indirizzo di destinazione specificato nell\u2019ordine. In caso di assenza del destinatario al momento della consegna verr\u00e0 lasciato un avviso ed il cliente dovr\u00e0 provvedere personalmente a contattare nel pi\u00f9 breve tempo possibile il corriere o spedizioniere per concordare le modalit\u00e0 di consegna. La consegna verr\u00e0 effettuata dai vettori prevalentemente a piano stradale. Nessuna responsabilit\u00e0 potr\u00e0 essere attribuita all&#8217;<strong>Azienda Agricola Rosario Lupo<\/strong>, per ritardata o mancata consegna imputabile a causa di forza maggiore o caso fortuito.<\/p><p>Il <strong>costo della spedizione<\/strong> \u00e8 variabile.<\/p><h3 class=\"wp-block-heading\">Diritto di recesso<\/h3><p>Il cliente pu\u00f2 esercitare il diritto di recesso se:<br>&#8211; comunica la disdetta dell&#8217;ordine via e-mail all&#8217;<strong>Azienda Agricola Rosario Lupo<\/strong>, prima di averne ricevuto conferma;<br>&#8211; non ritenendosi soddisfatto dell&#8217;acquisto effettuato, si impegna alla integrale restituzione dei prodotti ricevuti.<\/p><p>Il diritto di recesso deve essere esercitato, a pena di decadenza, mediante lettera raccomandata A.R. a:<br><strong>Azienda Agricola Rosario Lupo<\/strong>, Via Massimo D\u2019Azeglio, 66 &#8211; 97014 Ispica (RG), entro il termine di dieci giorni lavorativi del giorno di ricevimento dei prodotti. Detta comunicazione pu\u00f2 essere anticipata anche mediante e-mail: <strong>info@lupolio.com<\/strong> entro gli stessi tempi, purch\u00e9 confermata mediante raccomandata A.R. entro le 48 ore successive all\u2019invio del telegramma o e-mail. Tale comunicazione dovr\u00e0 contenere i dati necessari all\u2019individuazione dell\u2019ordine, la volont\u00e0 di rinunciare all\u2019acquisto e il prodotto o i prodotti per i quali si intende esercitare il diritto di recesso, allegando copia del documento fiscale (Fattura o D.D.T.).<\/p><p>Il diritto di recesso \u00e8 invece escluso nei seguenti casi:<br>&#8211; acquisto di beni confezionati su misura o personalizzati dall&#8217;<strong>Azienda Agricola Rosario Lupo<\/strong> secondo le specifiche richieste del cliente (per es. confezioni regalo, prodotti freschi) o che, per loro natura, non possono essere rispediti o rischiano di deteriorarsi o alterarsi rapidamente;<br>&#8211; prodotti non consegnati per assenza del cliente dal luogo di consegna e che all&#8217;atto del loro ritiro risultano alterati o deteriorati per il ritardo. <\/p><p>Se il recesso \u00e8 effettuato secondo le modalit\u00e0 sopra esposte, l\u2019importo eventualmente gi\u00e0 pagato per i Prodotti e per le spese di consegna \u00e8 accreditato al cliente mediante la tipologia di pagamento dallo stesso indicata. <br>Il rimborso verr\u00e0 effettuato nel minor tempo possibile, e in ogni caso entro 15 giorni dalla data in cui l&#8217;<strong>Azienda Agricola Rosario Lupo<\/strong>, ha ricevuto notizia del recesso da parte del cliente ed ha ricevuto anche la merce ordinata integra e nella confezione originale al seguente indirizzo: <strong>Azienda Agricola Rosario Lupo<\/strong>, Via Massimo D\u2019Azeglio, 66 &#8211; 97014 Ispica (RG). E\u2019 fatto espresso obbligo al cliente di restituire, unitamente alla merce acquistata, anche gli eventuali prodotti ricevuti in omaggio, che costituiscono, comunque, parte integrante ed inscindibile dell\u2019intero ordine e la cui concessione \u00e8 subordinata all\u2019accettazione della merce da parte del cliente.<\/p><p>Le uniche spese a carico del cliente per l\u2019esercizio del diritto di recesso sono quelle dirette di restituzione dei Prodotti all&#8217;<strong>Azienda Agricola Rosario Lupo<\/strong>.<\/p><h3 class=\"wp-block-heading\">Legge applicabile<\/h3><p>I contratti stipulati online dal cliente sul sito <strong>lupolio.com <\/strong>sono regolati dalla legge italiana. Per quanto qui non espressamente disposto, valgono le norme di legge applicabili ai rapporti ed alle fattispecie previste nel contratto stipulato online dal cliente con l&#8217;<strong>Azienda Agricola Rosario Lupo<\/strong>. Tutte le clausole facenti parte delle <strong>condizioni generali di vendita<\/strong> devono essere esplicitamente accettate dal cliente pena l\u2019impossibilit\u00e0 di concludere l\u2019ordine. A tale scopo vengono riproposte al termine dell\u2019ordine e sono soggette all\u2019attivazione di un FLAG di accettazione da parte del cliente.<\/p>","protected":false},"excerpt":{"rendered":"<p>Accettazione delle condizioni generali di vendita Le presenti Condizioni Generali di Vendita disciplinano la vendita degli articoli commercializzati dall&#8217;Azienda Agricola Rosario Lupo. nell\u2019ambito di un sistema di vendita a distanza mediante sito e-commerce. Tutti i contratti di acquisto dei prodotti, conclusi tramite il sito lupolio.com, seguendo le procedure ivi indicate (online), saranno regolati dalle presenti<\/p>\n<p class=\"more-link-wrapper\"><a class=\"btn btn-primary\" href=\"https:\/\/www.lupolio.com\/it\/condizioni-di-vendita\/\">Read More<\/a><\/p>\n","protected":false},"author":1,"featured_media":4187,"parent":0,"menu_order":0,"comment_status":"closed","ping_status":"closed","template":"","meta":{"inline_featured_image":false,"footnotes":""},"class_list":["post-3858","page","type-page","status-publish","has-post-thumbnail","hentry","has_thumb"],"yoast_head":"<!-- This site is optimized with the Yoast SEO plugin v24.7 - https:\/\/yoast.com\/wordpress\/plugins\/seo\/ -->\n<title>Condizioni di vendita | Lupolio<\/title>\n<meta name=\"description\" content=\"Condizioni di vendita - Azienda Agricola Rosario Lupo - Olio Extra Vergine di Oliva Italiano - Ispica (RG) - info@lupolio.com\" \/>\n<meta name=\"robots\" content=\"index, follow, max-snippet:-1, max-image-preview:large, max-video-preview:-1\" \/>\n<link rel=\"canonical\" href=\"https:\/\/www.lupolio.com\/it\/condizioni-di-vendita\/\" \/>\n<meta property=\"og:locale\" content=\"it_IT\" \/>\n<meta property=\"og:type\" content=\"article\" \/>\n<meta property=\"og:title\" content=\"Condizioni di vendita | Lupolio\" \/>\n<meta property=\"og:description\" content=\"Condizioni di vendita - Azienda Agricola Rosario Lupo - Olio Extra Vergine di Oliva Italiano - Ispica (RG) - info@lupolio.com\" \/>\n<meta property=\"og:url\" content=\"https:\/\/www.lupolio.com\/it\/condizioni-di-vendita\/\" \/>\n<meta property=\"og:site_name\" content=\"Lupolio\" \/>\n<meta property=\"article:publisher\" content=\"https:\/\/www.facebook.com\/olivicolalupo\" \/>\n<meta property=\"article:modified_time\" content=\"2021-12-29T10:36:44+00:00\" \/>\n<meta property=\"og:image\" content=\"https:\/\/www.lupolio.com\/wp-content\/uploads\/2021\/12\/Texture-Pagina-Lupo.png\" \/>\n\t<meta property=\"og:image:width\" content=\"1604\" \/>\n\t<meta property=\"og:image:height\" content=\"715\" \/>\n\t<meta property=\"og:image:type\" content=\"image\/png\" \/>\n<meta name=\"twitter:card\" content=\"summary_large_image\" \/>\n<meta name=\"twitter:label1\" content=\"Tempo di lettura stimato\" \/>\n\t<meta name=\"twitter:data1\" content=\"6 minuti\" \/>\n<script type=\"application\/ld+json\" class=\"yoast-schema-graph\">{\"@context\":\"https:\/\/schema.org\",\"@graph\":[{\"@type\":\"WebPage\",\"@id\":\"https:\/\/www.lupolio.com\/condizioni-di-vendita\/\",\"url\":\"https:\/\/www.lupolio.com\/condizioni-di-vendita\/\",\"name\":\"Condizioni di vendita | Lupolio\",\"isPartOf\":{\"@id\":\"https:\/\/www.lupolio.com\/#website\"},\"primaryImageOfPage\":{\"@id\":\"https:\/\/www.lupolio.com\/condizioni-di-vendita\/#primaryimage\"},\"image\":{\"@id\":\"https:\/\/www.lupolio.com\/condizioni-di-vendita\/#primaryimage\"},\"thumbnailUrl\":\"https:\/\/www.lupolio.com\/wp-content\/uploads\/2021\/12\/Texture-Pagina-Lupo.png\",\"datePublished\":\"2021-12-27T17:14:41+00:00\",\"dateModified\":\"2021-12-29T10:36:44+00:00\",\"description\":\"Condizioni di vendita - Azienda Agricola Rosario Lupo - Olio Extra Vergine di Oliva Italiano - Ispica (RG) - info@lupolio.com\",\"breadcrumb\":{\"@id\":\"https:\/\/www.lupolio.com\/condizioni-di-vendita\/#breadcrumb\"},\"inLanguage\":\"it-IT\",\"potentialAction\":[{\"@type\":\"ReadAction\",\"target\":[\"https:\/\/www.lupolio.com\/condizioni-di-vendita\/\"]}]},{\"@type\":\"ImageObject\",\"inLanguage\":\"it-IT\",\"@id\":\"https:\/\/www.lupolio.com\/condizioni-di-vendita\/#primaryimage\",\"url\":\"https:\/\/www.lupolio.com\/wp-content\/uploads\/2021\/12\/Texture-Pagina-Lupo.png\",\"contentUrl\":\"https:\/\/www.lupolio.com\/wp-content\/uploads\/2021\/12\/Texture-Pagina-Lupo.png\",\"width\":1604,\"height\":715,\"caption\":\"Azienda Agricola Lupo - Ispica (RG)\"},{\"@type\":\"BreadcrumbList\",\"@id\":\"https:\/\/www.lupolio.com\/condizioni-di-vendita\/#breadcrumb\",\"itemListElement\":[{\"@type\":\"ListItem\",\"position\":1,\"name\":\"Home\",\"item\":\"https:\/\/www.lupolio.com\/\"},{\"@type\":\"ListItem\",\"position\":2,\"name\":\"Condizioni di vendita\"}]},{\"@type\":\"WebSite\",\"@id\":\"https:\/\/www.lupolio.com\/#website\",\"url\":\"https:\/\/www.lupolio.com\/\",\"name\":\"Lupolio\",\"description\":\"Azienda Agricola Lupo - Ispica (RG)\",\"publisher\":{\"@id\":\"https:\/\/www.lupolio.com\/#organization\"},\"potentialAction\":[{\"@type\":\"SearchAction\",\"target\":{\"@type\":\"EntryPoint\",\"urlTemplate\":\"https:\/\/www.lupolio.com\/?s={search_term_string}\"},\"query-input\":{\"@type\":\"PropertyValueSpecification\",\"valueRequired\":true,\"valueName\":\"search_term_string\"}}],\"inLanguage\":\"it-IT\"},{\"@type\":\"Organization\",\"@id\":\"https:\/\/www.lupolio.com\/#organization\",\"name\":\"Lupo - Azienda Agricola\",\"url\":\"https:\/\/www.lupolio.com\/\",\"logo\":{\"@type\":\"ImageObject\",\"inLanguage\":\"it-IT\",\"@id\":\"https:\/\/www.lupolio.com\/#\/schema\/logo\/image\/\",\"url\":\"https:\/\/www.lupolio.com\/wp-content\/uploads\/2021\/12\/Avatar-Lupo-1.jpg\",\"contentUrl\":\"https:\/\/www.lupolio.com\/wp-content\/uploads\/2021\/12\/Avatar-Lupo-1.jpg\",\"width\":1000,\"height\":1000,\"caption\":\"Lupo - Azienda Agricola\"},\"image\":{\"@id\":\"https:\/\/www.lupolio.com\/#\/schema\/logo\/image\/\"},\"sameAs\":[\"https:\/\/www.facebook.com\/olivicolalupo\",\"https:\/\/www.instagram.com\/rosarilupo\/\"]}]}<\/script>\n<!-- \/ Yoast SEO plugin. -->","yoast_head_json":{"title":"Condizioni di vendita | Lupolio","description":"Condizioni di vendita - Azienda Agricola Rosario Lupo - Olio Extra Vergine di Oliva Italiano - Ispica (RG) - info@lupolio.com","robots":{"index":"index","follow":"follow","max-snippet":"max-snippet:-1","max-image-preview":"max-image-preview:large","max-video-preview":"max-video-preview:-1"},"canonical":"https:\/\/www.lupolio.com\/it\/condizioni-di-vendita\/","og_locale":"it_IT","og_type":"article","og_title":"Condizioni di vendita | Lupolio","og_description":"Condizioni di vendita - Azienda Agricola Rosario Lupo - Olio Extra Vergine di Oliva Italiano - Ispica (RG) - info@lupolio.com","og_url":"https:\/\/www.lupolio.com\/it\/condizioni-di-vendita\/","og_site_name":"Lupolio","article_publisher":"https:\/\/www.facebook.com\/olivicolalupo","article_modified_time":"2021-12-29T10:36:44+00:00","og_image":[{"width":1604,"height":715,"url":"https:\/\/www.lupolio.com\/wp-content\/uploads\/2021\/12\/Texture-Pagina-Lupo.png","type":"image\/png"}],"twitter_card":"summary_large_image","twitter_misc":{"Tempo di lettura stimato":"6 minuti"},"schema":{"@context":"https:\/\/schema.org","@graph":[{"@type":"WebPage","@id":"https:\/\/www.lupolio.com\/condizioni-di-vendita\/","url":"https:\/\/www.lupolio.com\/condizioni-di-vendita\/","name":"Condizioni di vendita | Lupolio","isPartOf":{"@id":"https:\/\/www.lupolio.com\/#website"},"primaryImageOfPage":{"@id":"https:\/\/www.lupolio.com\/condizioni-di-vendita\/#primaryimage"},"image":{"@id":"https:\/\/www.lupolio.com\/condizioni-di-vendita\/#primaryimage"},"thumbnailUrl":"https:\/\/www.lupolio.com\/wp-content\/uploads\/2021\/12\/Texture-Pagina-Lupo.png","datePublished":"2021-12-27T17:14:41+00:00","dateModified":"2021-12-29T10:36:44+00:00","description":"Condizioni di vendita - Azienda Agricola Rosario Lupo - Olio Extra Vergine di Oliva Italiano - Ispica (RG) - info@lupolio.com","breadcrumb":{"@id":"https:\/\/www.lupolio.com\/condizioni-di-vendita\/#breadcrumb"},"inLanguage":"it-IT","potentialAction":[{"@type":"ReadAction","target":["https:\/\/www.lupolio.com\/condizioni-di-vendita\/"]}]},{"@type":"ImageObject","inLanguage":"it-IT","@id":"https:\/\/www.lupolio.com\/condizioni-di-vendita\/#primaryimage","url":"https:\/\/www.lupolio.com\/wp-content\/uploads\/2021\/12\/Texture-Pagina-Lupo.png","contentUrl":"https:\/\/www.lupolio.com\/wp-content\/uploads\/2021\/12\/Texture-Pagina-Lupo.png","width":1604,"height":715,"caption":"Azienda Agricola Lupo - Ispica (RG)"},{"@type":"BreadcrumbList","@id":"https:\/\/www.lupolio.com\/condizioni-di-vendita\/#breadcrumb","itemListElement":[{"@type":"ListItem","position":1,"name":"Home","item":"https:\/\/www.lupolio.com\/"},{"@type":"ListItem","position":2,"name":"Condizioni di vendita"}]},{"@type":"WebSite","@id":"https:\/\/www.lupolio.com\/#website","url":"https:\/\/www.lupolio.com\/","name":"Lupolio","description":"Azienda Agricola Lupo - Ispica (RG)","publisher":{"@id":"https:\/\/www.lupolio.com\/#organization"},"potentialAction":[{"@type":"SearchAction","target":{"@type":"EntryPoint","urlTemplate":"https:\/\/www.lupolio.com\/?s={search_term_string}"},"query-input":{"@type":"PropertyValueSpecification","valueRequired":true,"valueName":"search_term_string"}}],"inLanguage":"it-IT"},{"@type":"Organization","@id":"https:\/\/www.lupolio.com\/#organization","name":"Lupo - Azienda Agricola","url":"https:\/\/www.lupolio.com\/","logo":{"@type":"ImageObject","inLanguage":"it-IT","@id":"https:\/\/www.lupolio.com\/#\/schema\/logo\/image\/","url":"https:\/\/www.lupolio.com\/wp-content\/uploads\/2021\/12\/Avatar-Lupo-1.jpg","contentUrl":"https:\/\/www.lupolio.com\/wp-content\/uploads\/2021\/12\/Avatar-Lupo-1.jpg","width":1000,"height":1000,"caption":"Lupo - Azienda Agricola"},"image":{"@id":"https:\/\/www.lupolio.com\/#\/schema\/logo\/image\/"},"sameAs":["https:\/\/www.facebook.com\/olivicolalupo","https:\/\/www.instagram.com\/rosarilupo\/"]}]}},"_links":{"self":[{"href":"https:\/\/www.lupolio.com\/it\/wp-json\/wp\/v2\/pages\/3858","targetHints":{"allow":["GET"]}}],"collection":[{"href":"https:\/\/www.lupolio.com\/it\/wp-json\/wp\/v2\/pages"}],"about":[{"href":"https:\/\/www.lupolio.com\/it\/wp-json\/wp\/v2\/types\/page"}],"author":[{"embeddable":true,"href":"https:\/\/www.lupolio.com\/it\/wp-json\/wp\/v2\/users\/1"}],"replies":[{"embeddable":true,"href":"https:\/\/www.lupolio.com\/it\/wp-json\/wp\/v2\/comments?post=3858"}],"version-history":[{"count":37,"href":"https:\/\/www.lupolio.com\/it\/wp-json\/wp\/v2\/pages\/3858\/revisions"}],"predecessor-version":[{"id":4190,"href":"https:\/\/www.lupolio.com\/it\/wp-json\/wp\/v2\/pages\/3858\/revisions\/4190"}],"wp:featuredmedia":[{"embeddable":true,"href":"https:\/\/www.lupolio.com\/it\/wp-json\/wp\/v2\/media\/4187"}],"wp:attachment":[{"href":"https:\/\/www.lupolio.com\/it\/wp-json\/wp\/v2\/media?parent=3858"}],"curies":[{"name":"wp","href":"https:\/\/api.w.org\/{rel}","templated":true}]}}